{"id":16248968,"date":"2022-11-07T10:33:55","date_gmt":"2022-11-07T09:33:55","guid":{"rendered":"https:\/\/www.cohor.org\/statuts-et-missions\/"},"modified":"2026-02-05T15:39:10","modified_gmt":"2026-02-05T14:39:10","slug":"statuts-et-missions","status":"publish","type":"page","link":"https:\/\/www.cohor.org\/en\/statuts-et-missions\/","title":{"rendered":"Status and missions"},"content":{"rendered":"<p>[et_pb_section fb_built=&#8221;1&#8243; _builder_version=&#8221;4.17.5&#8243; _module_preset=&#8221;default&#8221; custom_margin=&#8221;0px||0px||true|false&#8221; custom_padding=&#8221;0px||0px||true|false&#8221; global_colors_info=&#8221;{}&#8221;][et_pb_row _builder_version=&#8221;4.17.5&#8243; _module_preset=&#8221;default&#8221; custom_padding=&#8221;1px||71px|||&#8221; global_colors_info=&#8221;{}&#8221;][et_pb_column type=&#8221;4_4&#8243; _builder_version=&#8221;4.17.5&#8243; _module_preset=&#8221;default&#8221; global_colors_info=&#8221;{}&#8221;][et_pb_text _builder_version=&#8221;4.17.5&#8243; _module_preset=&#8221;default&#8221; hover_enabled=&#8221;0&#8243; global_colors_info=&#8221;{}&#8221; sticky_enabled=&#8221;0&#8243;]<\/p>\n<p>&nbsp;<\/p>\n<p>The <b>Association for the coordination of schedules<\/b>, also COHOR, is an independent and non-profit association, regulated by the law of July1, 1901 and regularly declared in the \u2018Journal Officiel\u2019 of July 29, 1995.<\/p>\n<p>&nbsp;<\/p>\n<h3><strong>The association members are airlines :<\/strong><\/h3>\n<p>Air Cara\u00efbes, Air France, Air Corsica, ASL Airlines France, Corsair, Hop!, Transavia, Easyjet. BAR France is member as well.<\/p>\n<p>&nbsp;<\/p>\n<p><strong>As well as airports managers :<\/strong><\/p>\n<p><span class=\"Apple-converted-space\"><span class=\"Apple-tab-span\">A\u00e9roports de Paris (ADP), A\u00e9roport de Nice C\u00f4te d&#8217;Azur, A\u00e9roport de Lyon St-Exup\u00e9ry, A\u00e9roport de Paris-Orly, A\u00e9roport de Figari Sud Corse . UAF is member as well.<\/span><\/span><\/p>\n<p>&nbsp;<\/p>\n<h3><strong>The Association is composed of airlines, airports managers members and Associations of airlines or airport managers:<\/strong><\/h3>\n<p>&nbsp;<\/p>\n<p>&nbsp;<\/p>\n<h3><strong>The Board of Directors is composed of the historical members :<\/strong><\/h3>\n<p>For airlines: Air Cara\u00efbes, Air France, Air Corsica, ASL Airlines France, Corsair, Hop!, Transavia, Easyjet<\/p>\n<p>For airport managers: <span class=\"Apple-converted-space\"><span class=\"Apple-tab-span\">A\u00e9roports de Paris (ADP), A\u00e9roport de Nice C\u00f4te d&#8217;Azur, A\u00e9roport de Lyon St-Exup\u00e9ry, A\u00e9roport de Figari Sud Corse, A\u00e9roport de Paris-Orly<\/span><\/span><\/p>\n<p>DGAC is observer.<\/p>\n<p>COHOR has been designated to undertake the responsibilities of slot coordination and schedule facilitation at French airports, in compliance with Regulation (EEC) No. 95\/93 and the applicable terms of reference governing the role of a designated coordinator or schedules facilitator at a French aerodrome.<\/p>\n<h3><strong>The Bureau is composed of :<\/strong><\/h3>\n<p>A president : Air Corsica, represented by Ms\u00a0Antoinette SANTONI BRUNELLI<br \/>Two vice-presidents : ADP, represented by Mr Bertrand COQUANT \/ ASL Airlines France, represented by Mr Eric Vincent<br \/>A treasurer: A\u00e9roports de la C\u00f4te d\u2019Azur, represented by par Ms Isabelle BAUMELLE<br \/>A secretary: Air France, represented by Ms Delphine HARIKIOPOULO<\/p>\n<p>The board is elected every 5 years. It designates the Delegate Coordinator. The latter, acts in accordance with the statutes of the association, in complete independence with respect of all members in a neutral and nondiscriminatory way. He has full delegation for the entire mission entrusted to the association :<\/p>\n<p>\u2022 Allocate slots for an optimal use of airport resources in respect with the constraints,<\/p>\n<p>\u2022 Monitor the proper use of slots allocated to airlines.<\/p>\n<p>[\/et_pb_text][\/et_pb_column][\/et_pb_row][\/et_pb_section]<\/p>\n","protected":false},"excerpt":{"rendered":"<p>&nbsp; The Association for the coordination of schedules, also COHOR, is an independent and non-profit association, regulated by the law of July1, 1901 and regularly declared in the \u2018Journal Officiel\u2019 of July 29, 1995. &nbsp; The association members are airlines : Air Cara\u00efbes, Air France, Air Corsica, ASL Airlines France, Corsair, Hop!, Transavia, Easyjet. BAR [&hellip;]<\/p>\n","protected":false},"author":2,"featured_media":0,"parent":0,"menu_order":0,"comment_status":"closed","ping_status":"closed","template":"","meta":{"_et_pb_use_builder":"on","_et_pb_old_content":"","_et_gb_content_width":"","footnotes":""},"dipi_cpt_category":[],"class_list":["post-16248968","page","type-page","status-publish","hentry"],"post_mailing_queue_ids":[],"_links":{"self":[{"href":"https:\/\/www.cohor.org\/en\/wp-json\/wp\/v2\/pages\/16248968","targetHints":{"allow":["GET"]}}],"collection":[{"href":"https:\/\/www.cohor.org\/en\/wp-json\/wp\/v2\/pages"}],"about":[{"href":"https:\/\/www.cohor.org\/en\/wp-json\/wp\/v2\/types\/page"}],"author":[{"embeddable":true,"href":"https:\/\/www.cohor.org\/en\/wp-json\/wp\/v2\/users\/2"}],"replies":[{"embeddable":true,"href":"https:\/\/www.cohor.org\/en\/wp-json\/wp\/v2\/comments?post=16248968"}],"version-history":[{"count":4,"href":"https:\/\/www.cohor.org\/en\/wp-json\/wp\/v2\/pages\/16248968\/revisions"}],"predecessor-version":[{"id":16255131,"href":"https:\/\/www.cohor.org\/en\/wp-json\/wp\/v2\/pages\/16248968\/revisions\/16255131"}],"wp:attachment":[{"href":"https:\/\/www.cohor.org\/en\/wp-json\/wp\/v2\/media?parent=16248968"}],"wp:term":[{"taxonomy":"dipi_cpt_category","embeddable":true,"href":"https:\/\/www.cohor.org\/en\/wp-json\/wp\/v2\/dipi_cpt_category?post=16248968"}],"curies":[{"name":"wp","href":"https:\/\/api.w.org\/{rel}","templated":true}]}}