{"id":16248890,"date":"2022-11-15T15:02:55","date_gmt":"2022-11-15T14:02:55","guid":{"rendered":"https:\/\/www.cohor.org\/airports\/figari-sud-corse-fsc-lfkf\/"},"modified":"2026-02-24T18:18:59","modified_gmt":"2026-02-24T17:18:59","slug":"figari-sud-corse-fsc-lfkf","status":"publish","type":"page","link":"https:\/\/www.cohor.org\/en\/airports\/figari-sud-corse-fsc-lfkf\/","title":{"rendered":"Figari Sud Corse (FSC\/LFKF)"},"content":{"rendered":"<p>[et_pb_section fb_built=&#8221;1&#8243; disabled_on=&#8221;off|off|off&#8221; _builder_version=&#8221;4.17.5&#8243; _module_preset=&#8221;default&#8221; background_color=&#8221;#FFFFFF&#8221; custom_margin=&#8221;||||false&#8221; custom_padding=&#8221;3px||3px||true|false&#8221; saved_tabs=&#8221;all&#8221; global_colors_info=&#8221;{}&#8221;][et_pb_row _builder_version=&#8221;4.17.5&#8243; _module_preset=&#8221;default&#8221; custom_margin=&#8221;0px||0px||true|false&#8221; custom_padding=&#8221;0px||0px||true|false&#8221; global_colors_info=&#8221;{}&#8221;][et_pb_column type=&#8221;4_4&#8243; _builder_version=&#8221;4.17.5&#8243; _module_preset=&#8221;default&#8221; global_colors_info=&#8221;{}&#8221;][dipi_advanced_tabs tab_animation=&#8221;fadeIn&#8221; activate_on_hover=&#8221;on&#8221; use_sticky_tabs=&#8221;off&#8221; use_tabs_fullwidth=&#8221;off&#8221; tabs_min_width=&#8221;153px&#8221; tabs_max_width=&#8221;153px&#8221; use_tabs_fullwidth_tablet=&#8221;off&#8221; use_tabs_fullwidth_phone=&#8221;off&#8221; tabs_min_width_phone=&#8221;128px&#8221; tabs_max_width_phone=&#8221;158px&#8221; tabs_placement_phone=&#8221;column&#8221; tabs_align=&#8221;center&#8221; tabs_container_padding=&#8221;10px|10px|11px|10px|false|false&#8221; tabs_item_margin=&#8221;0px||-10px|0px|false|false&#8221; content_padding=&#8221;30px|10px|30px|10px|true|false&#8221; content_margin=&#8221;|10px|10px|10px|false|false&#8221; tabs_item_bg_color=&#8221;#FFFFFF&#8221; tabs_align_tablet=&#8221;&#8221; tabs_align_phone=&#8221;center&#8221; tabs_align_last_edited=&#8221;on|phone&#8221; tabs_container_padding_tablet=&#8221;&#8221; tabs_container_padding_phone=&#8221;0px|0px|0px|0px|true|true&#8221; tabs_container_padding_last_edited=&#8221;on|phone&#8221; tabs_container_margin_tablet=&#8221;&#8221; tabs_container_margin_phone=&#8221;0px|10px|0px|-11px|true|false&#8221; tabs_container_margin_last_edited=&#8221;on|phone&#8221; tabs_item_margin_tablet=&#8221;&#8221; tabs_item_margin_phone=&#8221;&#8221; tabs_item_margin_last_edited=&#8221;on|phone&#8221; content_padding_tablet=&#8221;&#8221; content_padding_phone=&#8221;30px|0px|30px|0px|true|true&#8221; content_padding_last_edited=&#8221;on|phone&#8221; content_margin_tablet=&#8221;&#8221; content_margin_phone=&#8221;|20px|10px|-15px|false|false&#8221; content_margin_last_edited=&#8221;on|phone&#8221; _builder_version=&#8221;4.17.5&#8243; _module_preset=&#8221;default&#8221; title_font=&#8221;Play||||||||&#8221; title_font_size=&#8221;18px&#8221; title_active_font=&#8221;Play||||||||&#8221; title_active_text_color=&#8221;#2b368b&#8221; title_active_font_size=&#8221;18px&#8221; body_font_size=&#8221;16px&#8221; header_font=&#8221;|300|||||||&#8221; header_font_size=&#8221;19px&#8221; header_line_height=&#8221;25px&#8221; background_color=&#8221;#FFFFFF&#8221; width_tablet=&#8221;&#8221; width_phone=&#8221;&#8221; width_last_edited=&#8221;on|desktop&#8221; max_width_tablet=&#8221;&#8221; max_width_phone=&#8221;100%&#8221; max_width_last_edited=&#8221;on|phone&#8221; custom_margin=&#8221;-1px||-15px||false|true&#8221; custom_margin_tablet=&#8221;&#8221; custom_margin_phone=&#8221;-1px||-15px||false|true&#8221; custom_margin_last_edited=&#8221;on|phone&#8221; custom_padding=&#8221;0px|100px||100px|false|true&#8221; custom_padding_tablet=&#8221;|0px||0px|false|false&#8221; custom_padding_phone=&#8221;0px|0px||0px|false|true&#8221; custom_padding_last_edited=&#8221;on|phone&#8221; animation_style=&#8221;fade&#8221; hover_enabled=&#8221;0&#8243; title_font_size_tablet=&#8221;&#8221; title_font_size_phone=&#8221;16px&#8221; title_font_size_last_edited=&#8221;on|phone&#8221; title_line_height_tablet=&#8221;&#8221; title_line_height_phone=&#8221;1.4em&#8221; title_line_height_last_edited=&#8221;on|phone&#8221; title_active_text_color_last_edited=&#8221;off|desktop&#8221; title_active_font_size_tablet=&#8221;&#8221; title_active_font_size_phone=&#8221;17px&#8221; title_active_font_size_last_edited=&#8221;on|phone&#8221; title_active_line_height_tablet=&#8221;&#8221; title_active_line_height_phone=&#8221;1.3em&#8221; title_active_line_height_last_edited=&#8221;on|phone&#8221; body_font_size_tablet=&#8221;&#8221; body_font_size_phone=&#8221;16px&#8221; body_font_size_last_edited=&#8221;on|desktop&#8221; module_alignment_tablet=&#8221;&#8221; module_alignment_phone=&#8221;&#8221; module_alignment_last_edited=&#8221;on|phone&#8221; custom_css_normal_tab=&#8221;text-align:center;&#8221; global_colors_info=&#8221;{}&#8221; title_text_color__hover_enabled=&#8221;on|hover&#8221; custom_css_normal_tab__hover_enabled=&#8221;on|hover&#8221; custom_css_normal_tab__hover=&#8221;text-align:center;||text-decoration: underline;||color:#a4a4a4;&#8221; title_font_size__hover_enabled=&#8221;off|desktop&#8221; title_font_size__hover=&#8221;18px&#8221; title_active_font_size__hover_enabled=&#8221;off|desktop&#8221; title_active_font_size__hover=&#8221;18px&#8221; sticky_enabled=&#8221;0&#8243;][dipi_advanced_tabs_item title=&#8221;Information&#8221; admin_label=&#8221;Information&#8221; img_placement=&#8221;row&#8221; tab_media=&#8221;image&#8221; tab_image=&#8221;https:\/\/www.cohor.org\/wp-content\/uploads\/2022\/11\/infos-grey.png&#8221; use_active_tab_image=&#8221;on&#8221; tab_image_active=&#8221;https:\/\/www.cohor.org\/wp-content\/uploads\/2022\/11\/Group-1000001006-1.png&#8221; tab_image_placement=&#8221;top&#8221; tab_image_size=&#8221;210px&#8221; _builder_version=&#8221;4.17.5&#8243; _module_preset=&#8221;default&#8221; title_text_align=&#8221;center&#8221; subtitle_text_align=&#8221;center&#8221; link_text_color=&#8221;#ED2B3A&#8221; header_4_font_size=&#8221;19px&#8221; module_alignment=&#8221;left&#8221; global_colors_info=&#8221;{}&#8221;]<\/p>\n<h3><b>Information<\/b><\/h3>\n<p><strong>IATA Airport Designation<\/strong> : Level 3 airport (only in Summer)<br \/><strong>Airport Website<\/strong> : <a href=\"http:\/\/www.2a.cci.fr\/figari-south-corsica-airport.html\" target=\"_blank\" rel=\"noopener\">http:\/\/www.2a.cci.fr\/figari-south-corsica-airport.html<\/a><br \/><strong>Link to AIP<\/strong> : <a href=\"https:\/\/www.sia.aviation-civile.gouv.fr\/\" target=\"_blank\" rel=\"noopener\">https:\/\/www.sia.aviation-civile.gouv.fr\/<\/a>(eAIP FRANCE &gt; \u201cEffective Date\u201d link &gt; select \u201cAD 2 AERODROMES\u201d on the left &gt; search for \u201cLFKF \u2014 FIGARI SUD CORSE\u201d)<\/p>\n<p><strong>Slot Coordinator :<\/strong><br \/>Florian MAGUEUR<br \/>+ 33 (0)1\u00a085 08 69 27<br \/><a href=\"mailto:f.magueur@cohor.org\">f.magueur@cohor.org<\/a><\/p>\n<p><strong>Hours of Operations :<\/strong><br \/>06:45 &#8211; 22:59 LT<\/p>\n<p><strong>Airport Slots Requests : <\/strong><br \/><strong>Turnaround format <\/strong> is mandatory<br \/><span style=\"text-decoration: underline;\">Commercial aviation :<\/span><br \/>All clearance requests must be sent to COHOR via e-mail: <a href=\"mailto:slots@cohor.org\">slots@cohor.org<\/a><br \/>Clearance requests will be processed during COHOR\u2019s office hours.<br \/>Outside normal office hours (evenings, weekends, and public holidays) please consult <a href=\"https:\/\/e-airportslots.aero\/flight-slot-portal-webui\/Login.do\" target=\"_blank\" rel=\"noopener\">e-Airportslots.aero.<\/a><br \/>All modifications to initial slot details must be notified to COHOR.<br \/>All modifications to initial slot details must be notified to COHOR. When applicable, the coordinator must be informed of any joint operation\/franchise\/code sharing agreements prior to the beginning of such operations.<\/p>\n<p><span style=\"text-decoration: underline;\">General and business aviation :<\/span><br \/>Air carriers directly contact their handling agent who is in charge of request for slots at COHOR.<\/p>\n<p>[\/dipi_advanced_tabs_item][dipi_advanced_tabs_item title=&#8221;Local Regulations and Laws&#8221; admin_label=&#8221;Local Regulations and Laws&#8221; img_placement=&#8221;row&#8221; tab_media=&#8221;image&#8221; tab_image=&#8221;https:\/\/www.cohor.org\/wp-content\/uploads\/2022\/11\/lawgrey-2.png&#8221; use_active_tab_image=&#8221;on&#8221; tab_image_active=&#8221;https:\/\/www.cohor.org\/wp-content\/uploads\/2022\/11\/Law.png&#8221; tab_image_placement=&#8221;top&#8221; tab_image_size=&#8221;210px&#8221; _builder_version=&#8221;4.17.5&#8243; _module_preset=&#8221;default&#8221; hover_enabled=&#8221;0&#8243; global_colors_info=&#8221;{}&#8221; sticky_enabled=&#8221;0&#8243;]<\/p>\n<p>&nbsp;<\/p>\n<h3><strong>Local Regulations and Laws<\/strong><b><\/b><\/h3>\n<p><a href=\"https:\/\/www.cohor.org\/wp-content\/uploads\/2026\/02\/2024_11_28-Arrete-modifiant-parametres-parking-FSC.pdf\">Order of November 28, 2024 revising the FSC parking parameters<\/a><\/p>\n<p><a href=\"https:\/\/www.cohor.org\/wp-content\/uploads\/2022\/11\/20161006_arrete-qualifiant-daeroport-a-facilitation-dhoraires-Figari-sur-certaines-periodes-et-designant-le-facilitateur-dhoraires.pdf\" rel=\"attachment wp-att-16248206\">Order of October 6, 2016 qualifying Figari-Sud-Corse as schedule facilitation airport on certain periods of the year and designating the schedule facilitator of this airport<\/a><\/p>\n<p><a href=\"https:\/\/www.cohor.org\/wp-content\/uploads\/2022\/11\/Arrete-du-28-09-2021-qualifiant-daeroport-coordonne-aeroport-Figari-Sud-Corse-a-certaines-periodes-de-lannee.pdf\" rel=\"attachment wp-att-16248207\">Order of September 28, 2021 qualifying Figari-Sud-Corse as coordinated airport on certain periods of the year<\/a><\/p>\n<p>&nbsp;<\/p>\n<p>[\/dipi_advanced_tabs_item][dipi_advanced_tabs_item title=&#8221;S26 Parameters&#8221; admin_label=&#8221;S26 Parameters&#8221; img_placement=&#8221;row&#8221; tab_media=&#8221;image&#8221; tab_image=&#8221;https:\/\/www.cohor.org\/wp-content\/uploads\/2022\/11\/parametre-gris.png&#8221; use_active_tab_image=&#8221;on&#8221; tab_image_active=&#8221;https:\/\/www.cohor.org\/wp-content\/uploads\/2022\/11\/parametre-bleu.png&#8221; tab_image_placement=&#8221;top&#8221; tab_image_size=&#8221;210px&#8221; _builder_version=&#8221;4.17.5&#8243; _module_preset=&#8221;default&#8221; hover_enabled=&#8221;0&#8243; global_colors_info=&#8221;{}&#8221; sticky_enabled=&#8221;0&#8243;]<\/p>\n<h3><strong>Season S26<\/strong>: From Sunday 29 March 2026 to Saturday 24 October 2026<\/h3>\n<p><span style=\"color: #ff0000;\"><strong>No slot will be allocated between 06:45 and 22:59 Local Time.\u00a0<\/strong><\/span><\/p>\n<p><strong>Coordination parameters<\/strong><\/p>\n<ul>\n<li>Runway arrivals capacity from June 06 to September 27, 2026 :<img loading=\"lazy\" decoding=\"async\" class=\"aligncenter size-full wp-image-6182 jetpack-lazy-image jetpack-lazy-image--handled\" title=\"\" src=\"https:\/\/i0.wp.com\/www.cohor.org\/wp-content\/uploads\/2016\/10\/FIGARI_S20_I1.png?resize=731%2C440&amp;ssl=1\" sizes=\"auto, (max-width: 731px) 100vw, 731px\" srcset=\"https:\/\/i0.wp.com\/www.cohor.org\/wp-content\/uploads\/2016\/10\/FIGARI_S20_I1.png?w=731&amp;ssl=1 731w, https:\/\/i0.wp.com\/www.cohor.org\/wp-content\/uploads\/2016\/10\/FIGARI_S20_I1.png?resize=300%2C181&amp;ssl=1 300w, https:\/\/i0.wp.com\/www.cohor.org\/wp-content\/uploads\/2016\/10\/FIGARI_S20_I1.png?resize=600%2C361&amp;ssl=1 600w, https:\/\/i0.wp.com\/www.cohor.org\/wp-content\/uploads\/2016\/10\/FIGARI_S20_I1.png?resize=470%2C283&amp;ssl=1 470w\" alt=\"\" width=\"731\" height=\"440\" data-attachment-id=\"6182\" data-permalink=\"https:\/\/www.cohor.org\/aeroport-figari-sud-corse-fsc\/figari_s20_i1\/\" data-orig-file=\"https:\/\/i0.wp.com\/www.cohor.org\/wp-content\/uploads\/2016\/10\/FIGARI_S20_I1.png?fit=731%2C440&amp;ssl=1\" data-orig-size=\"731,440\" data-comments-opened=\"1\" data-image-meta=\"{\" data-image-title=\"FIGARI_S20_I1\" data-image-description=\"\" data-image-caption=\"\" data-medium-file=\"https:\/\/i0.wp.com\/www.cohor.org\/wp-content\/uploads\/2016\/10\/FIGARI_S20_I1.png?fit=300%2C181&amp;ssl=1\" data-large-file=\"https:\/\/i0.wp.com\/www.cohor.org\/wp-content\/uploads\/2016\/10\/FIGARI_S20_I1.png?fit=731%2C440&amp;ssl=1\" data-recalc-dims=\"1\" data-lazy-loaded=\"1\" \/><\/li>\n<\/ul>\n<p>&nbsp;<\/p>\n<ul>\n<li>Runway arrivals capacity from March 29 to June 05, 2026 and from September 28 to October 24 , 2026 :<img loading=\"lazy\" decoding=\"async\" class=\"aligncenter size-full wp-image-6183 jetpack-lazy-image jetpack-lazy-image--handled\" title=\"\" src=\"https:\/\/i0.wp.com\/www.cohor.org\/wp-content\/uploads\/2016\/10\/FIGARI_S20_I2.png?resize=732%2C416&amp;ssl=1\" sizes=\"auto, (max-width: 732px) 100vw, 732px\" srcset=\"https:\/\/i0.wp.com\/www.cohor.org\/wp-content\/uploads\/2016\/10\/FIGARI_S20_I2.png?w=732&amp;ssl=1 732w, https:\/\/i0.wp.com\/www.cohor.org\/wp-content\/uploads\/2016\/10\/FIGARI_S20_I2.png?resize=300%2C170&amp;ssl=1 300w, https:\/\/i0.wp.com\/www.cohor.org\/wp-content\/uploads\/2016\/10\/FIGARI_S20_I2.png?resize=600%2C341&amp;ssl=1 600w, https:\/\/i0.wp.com\/www.cohor.org\/wp-content\/uploads\/2016\/10\/FIGARI_S20_I2.png?resize=470%2C267&amp;ssl=1 470w\" alt=\"\" width=\"732\" height=\"416\" data-attachment-id=\"6183\" data-permalink=\"https:\/\/www.cohor.org\/aeroport-figari-sud-corse-fsc\/figari_s20_i2\/\" data-orig-file=\"https:\/\/i0.wp.com\/www.cohor.org\/wp-content\/uploads\/2016\/10\/FIGARI_S20_I2.png?fit=732%2C416&amp;ssl=1\" data-orig-size=\"732,416\" data-comments-opened=\"1\" data-image-meta=\"{\" data-image-title=\"FIGARI_S20_I2\" data-image-description=\"\" data-image-caption=\"\" data-medium-file=\"https:\/\/i0.wp.com\/www.cohor.org\/wp-content\/uploads\/2016\/10\/FIGARI_S20_I2.png?fit=300%2C170&amp;ssl=1\" data-large-file=\"https:\/\/i0.wp.com\/www.cohor.org\/wp-content\/uploads\/2016\/10\/FIGARI_S20_I2.png?fit=732%2C416&amp;ssl=1\" data-recalc-dims=\"1\" data-lazy-loaded=\"1\" \/><\/li>\n<\/ul>\n<p>4* means that, during the hour, 2 movements can be accepted during the first 30 minutes and 2 movements during the last 30 minutes<\/p>\n<p><span style=\"text-decoration: underline;\">Departures Capacity<\/span><\/p>\n<p>For any departure of a commercial flight, COHOR allocates departure times taking into account the commercial traffic processing capacity in the terminal, which corresponds to the maximum number of available check-in banks set at 9.<\/p>\n<p>To do this, the coordinator assesses the impact of each schedule allocation against this capability based on the intended type of aircraft and the criteria for assigning and using the check-in banks defined in the table below which takes into account a load factor of 100%.<\/p>\n<p><img loading=\"lazy\" decoding=\"async\" class=\"aligncenter size-full wp-image-7167 jetpack-lazy-image jetpack-lazy-image--handled\" title=\"\" src=\"https:\/\/i0.wp.com\/www.cohor.org\/wp-content\/uploads\/2021\/12\/banques-.png?resize=582%2C361&amp;ssl=1\" sizes=\"auto, (max-width: 582px) 100vw, 582px\" srcset=\"https:\/\/i0.wp.com\/www.cohor.org\/wp-content\/uploads\/2021\/12\/banques-.png?w=582&amp;ssl=1 582w, https:\/\/i0.wp.com\/www.cohor.org\/wp-content\/uploads\/2021\/12\/banques-.png?resize=300%2C186&amp;ssl=1 300w, https:\/\/i0.wp.com\/www.cohor.org\/wp-content\/uploads\/2021\/12\/banques-.png?resize=470%2C292&amp;ssl=1 470w\" alt=\"\" width=\"582\" height=\"361\" data-attachment-id=\"7167\" data-permalink=\"https:\/\/www.cohor.org\/aeroport-figari-sud-corse-fsc\/banques\/\" data-orig-file=\"https:\/\/i0.wp.com\/www.cohor.org\/wp-content\/uploads\/2021\/12\/banques-.png?fit=582%2C361&amp;ssl=1\" data-orig-size=\"582,361\" data-comments-opened=\"1\" data-image-meta=\"{\" data-image-title=\"banques\" data-image-description=\"\" data-image-caption=\"\" data-medium-file=\"https:\/\/i0.wp.com\/www.cohor.org\/wp-content\/uploads\/2021\/12\/banques-.png?fit=300%2C186&amp;ssl=1\" data-large-file=\"https:\/\/i0.wp.com\/www.cohor.org\/wp-content\/uploads\/2021\/12\/banques-.png?fit=582%2C361&amp;ssl=1\" data-recalc-dims=\"1\" data-lazy-loaded=\"1\" \/><\/p>\n<p>Furthermore, COHOR allocates departure slot so that any two departures to non-Schengen destination will be separated by a minimum of 45 minutes.<\/p>\n<p><span style=\"text-decoration: underline;\">Stand Capacity<\/span><\/p>\n<p>For each rotation (arrival then departure) of a commercial aircraft, COHOR allocates slots according to the availability of parking spaces within the following limits:<\/p>\n<p>\u2022 Up to 6 parking spaces, provided that at least one of the aircraft is an ATR72;<\/p>\n<p>\u2022 Up to 5 parking spaces for other types of aircraft; it being understood that commercial aircraft use 1 parking space.<\/p>\n<p>Notification DGAC :<\/p>\n<p><a href=\"https:\/\/www.cohor.org\/wp-content\/uploads\/2022\/11\/Arrete-du-29-09-2022-qualifiant-daeroport-coordonne-laeroport-de-Figari-Sud-Corse.pdf\" rel=\"attachment wp-att-16248208\">Arrete-du-29-09-2022-qualifiant-daeroport-coordonne-laeroport-de-Figari-Sud-Corse<\/a><\/p>\n<p><a href=\"https:\/\/www.cohor.org\/wp-content\/uploads\/2026\/02\/2024_11_28-Arrete-modifiant-parametres-parking-FSC.pdf\">2024_11_28 Arr\u00eat\u00e9 modifiant param\u00e8tres parking FSC<\/a><\/p>\n<p>[\/dipi_advanced_tabs_item][dipi_advanced_tabs_item title=&#8221;Activity reports&#8221; admin_label=&#8221;Rapports d&#8217;activit\u00e9s de l&#8217;a\u00e9roport&#8221; img_placement=&#8221;row&#8221; tab_media=&#8221;image&#8221; tab_image=&#8221;https:\/\/www.cohor.org\/wp-content\/uploads\/2022\/11\/report-grey.png&#8221; use_active_tab_image=&#8221;on&#8221; tab_image_active=&#8221;https:\/\/www.cohor.org\/wp-content\/uploads\/2022\/11\/Rapport-activite.png&#8221; tab_image_placement=&#8221;top&#8221; tab_image_size=&#8221;210px&#8221; _builder_version=&#8221;4.17.5&#8243; _module_preset=&#8221;default&#8221; global_colors_info=&#8221;{}&#8221;]<\/p>\n<h3><strong>Airport activity reports<\/strong><\/h3>\n<p><a href=\"https:\/\/app.powerbi.com\/view?r=eyJrIjoiMzY3YzY0NTMtY2IyNS00MDUzLTlmNmUtOTlmYWY5YWE5ZDM5IiwidCI6ImQzZmM0MWNlLTE0YzItNDUxOC05MDY1LThmZTc4ZmY4NDEzNiJ9\" target=\"_blank\" rel=\"noopener\">Start Of Season Report<\/a><\/p>\n<p><strong><a href=\"https:\/\/www.cohor.org\/wp-content\/uploads\/2023\/04\/FSCS23-SOS-WebCohor.pdf\" rel=\"attachment wp-att-16248211\">SOS FSC S23<\/a><\/strong><\/p>\n<p><strong><a href=\"https:\/\/www.cohor.org\/wp-content\/uploads\/2022\/11\/SOS-FSC-S22.pdf\" rel=\"attachment wp-att-16248211\">SOS FSC S22<\/a><\/strong><\/p>\n<p>[\/dipi_advanced_tabs_item][\/dipi_advanced_tabs][\/et_pb_column][\/et_pb_row][\/et_pb_section][et_pb_section fb_built=&#8221;1&#8243; _builder_version=&#8221;4.17.5&#8243; _module_preset=&#8221;default&#8221; background_color=&#8221;rgba(0,18,66,0.88)&#8221; custom_padding=&#8221;29px||27px|||&#8221; saved_tabs=&#8221;all&#8221; global_colors_info=&#8221;{}&#8221;][et_pb_row _builder_version=&#8221;4.17.5&#8243; _module_preset=&#8221;default&#8221; custom_padding=&#8221;||0px|||&#8221; global_colors_info=&#8221;{}&#8221;][et_pb_column type=&#8221;4_4&#8243; _builder_version=&#8221;4.17.5&#8243; _module_preset=&#8221;default&#8221; global_colors_info=&#8221;{}&#8221;][et_pb_text _builder_version=&#8221;4.17.5&#8243; _module_preset=&#8221;default&#8221; text_text_color=&#8221;#FFFFFF&#8221; header_2_text_color=&#8221;#FFFFFF&#8221; text_orientation=&#8221;center&#8221; global_colors_info=&#8221;{}&#8221;]<\/p>\n<h2>Last published reports<\/h2>\n<p>[\/et_pb_text][dipi_blog_slider select_custom_tax=&#8221;post_tag&#8221; include_term_ids_of_post_tag=&#8221;94&#8243; excluded_posts=&#8221;10&#8243; show_thumbnail=&#8221;off&#8221; excerpt_length=&#8221;10&#8243; show_author=&#8221;off&#8221; show_date=&#8221;off&#8221; show_categories=&#8221;off&#8221; space_between=&#8221;28&#8243; container_padding=&#8221;15px|30px|30px|30px|false|false&#8221; item_padding=&#8221;0px|0px|0px|0px|false|false&#8221; effect=&#8221;coverflow&#8221; autoplay=&#8221;on&#8221; autoplay_speed=&#8221;6001&#8243; dynamic_bullets=&#8221;off&#8221; centered=&#8221;on&#8221; _builder_version=&#8221;4.17.5&#8243; _module_preset=&#8221;default&#8221; header_text_color=&#8221;#FFFFFF&#8221; header_font_size=&#8221;25px&#8221; body_text_color=&#8221;#FFFFFF&#8221; date_text_color=&#8221;#FFFFFF&#8221; custom_padding=&#8221;||0px||false|false&#8221; custom_padding_tablet=&#8221;&#8221; custom_padding_phone=&#8221;&#8221; custom_padding_last_edited=&#8221;on|desktop&#8221; global_colors_info=&#8221;{}&#8221;][\/dipi_blog_slider][\/et_pb_column][\/et_pb_row][\/et_pb_section]<\/p>\n","protected":false},"excerpt":{"rendered":"<div class=\"et_pb_module dipi_advanced_tabs dipi_advanced_tabs_0\">\n\t\t\t\t\n\t\t\t\t\n\t\t\t\t\n\t\t\t\t\n\t\t\t\t\n\t\t\t\t\n\t\t\t\t<div class=\"et_pb_module_inner\">\n\t\t\t\t\t<div class=\"dipi-advanced-tabs dipi-at-container dipi-advanced-tabs-front\"  data-tab_animation=\"&#8221;fadeIn&#8221;\" data-animation_duration=\"300\" data-activate_on_hover=\"&#8221;on&#8221;\" data-use_sticky_tabs=\"&#8221;off&#8221;\" data-use_scroll_to_content=\"{&quot;desktop&quot;:&quot;&quot;,&quot;tablet&quot;:&quot;&quot;,&quot;phone&quot;:&quot;&quot;}\" data-sticky_distance=\"55px\" data-sticky_distance_tablet=\"55px\" data-sticky_distance_phone=\"\" data-admin_bar_space=\"\" data-turn_off_sticky=\"none\" data-module_class=\"dipi_advanced_tabs_0\" data-default_tab=\"0\">\n                    <div class=\"dipi-at-tabs-container \" data-slider=''   >\n                        <div class=\"dipi-at-tabs has-arrow arrow-place-top arrow-allign-start\"><\/div>\n                    <\/div>\n                    <div class=\"dipi-at-panels\"><\/div>\n                <\/div>\n\t\t\t\t<\/div>\n\t\t\t<\/div>\n","protected":false},"author":2,"featured_media":16248577,"parent":16248659,"menu_order":0,"comment_status":"closed","ping_status":"closed","template":"","meta":{"_et_pb_use_builder":"on","_et_pb_old_content":"","_et_gb_content_width":"","footnotes":""},"dipi_cpt_category":[],"class_list":["post-16248890","page","type-page","status-publish","has-post-thumbnail","hentry"],"post_mailing_queue_ids":[],"_links":{"self":[{"href":"https:\/\/www.cohor.org\/en\/wp-json\/wp\/v2\/pages\/16248890","targetHints":{"allow":["GET"]}}],"collection":[{"href":"https:\/\/www.cohor.org\/en\/wp-json\/wp\/v2\/pages"}],"about":[{"href":"https:\/\/www.cohor.org\/en\/wp-json\/wp\/v2\/types\/page"}],"author":[{"embeddable":true,"href":"https:\/\/www.cohor.org\/en\/wp-json\/wp\/v2\/users\/2"}],"replies":[{"embeddable":true,"href":"https:\/\/www.cohor.org\/en\/wp-json\/wp\/v2\/comments?post=16248890"}],"version-history":[{"count":8,"href":"https:\/\/www.cohor.org\/en\/wp-json\/wp\/v2\/pages\/16248890\/revisions"}],"predecessor-version":[{"id":16255169,"href":"https:\/\/www.cohor.org\/en\/wp-json\/wp\/v2\/pages\/16248890\/revisions\/16255169"}],"up":[{"embeddable":true,"href":"https:\/\/www.cohor.org\/en\/wp-json\/wp\/v2\/pages\/16248659"}],"wp:featuredmedia":[{"embeddable":true,"href":"https:\/\/www.cohor.org\/en\/wp-json\/wp\/v2\/media\/16248577"}],"wp:attachment":[{"href":"https:\/\/www.cohor.org\/en\/wp-json\/wp\/v2\/media?parent=16248890"}],"wp:term":[{"taxonomy":"dipi_cpt_category","embeddable":true,"href":"https:\/\/www.cohor.org\/en\/wp-json\/wp\/v2\/dipi_cpt_category?post=16248890"}],"curies":[{"name":"wp","href":"https:\/\/api.w.org\/{rel}","templated":true}]}}